{"id":193,"date":"2023-04-24T14:18:46","date_gmt":"2023-04-24T14:18:46","guid":{"rendered":"https:\/\/texasreceivership.com\/aviso-trcp-679b\/"},"modified":"2023-08-01T15:18:46","modified_gmt":"2023-08-01T15:18:46","slug":"aviso-trcp-679b","status":"publish","type":"page","link":"https:\/\/texasreceivership.com\/es\/aviso-trcp-679b\/","title":{"rendered":"Aviso TRCP 679b"},"content":{"rendered":"<p>[et_pb_section fb_built=\u00bb1&#8243; admin_label=\u00bbHero\u00bb _builder_version=\u00bb4.16&#8243; background_color=\u00bb#f8fbfe\u00bb use_background_color_gradient=\u00bbon\u00bb background_color_gradient_direction=\u00bb135deg\u00bb background_color_gradient_stops=\u00bb#53a0fd 0%|#4161d4 100%\u00bb background_color_gradient_start=\u00bb#53a0fd\u00bb background_color_gradient_end=\u00bb#4161d4&#8243; background_image=\u00bbhttps:\/\/texasreceivership.com\/wp-content\/uploads\/2023\/04\/geometric-bg-overlay-01.jpg\u00bb background_blend=\u00bboverlay\u00bb custom_padding=\u00bb10%|0px|5%|0px\u00bb animation_style=\u00bbzoom\u00bb animation_direction=\u00bbbottom\u00bb animation_intensity_zoom=\u00bb8%\u00bb animation_starting_opacity=\u00bb100%\u00bb global_colors_info=\u00bb{}\u00bb][et_pb_row _builder_version=\u00bb4.16&#8243; background_size=\u00bbinitial\u00bb background_position=\u00bbtop_left\u00bb background_repeat=\u00bbrepeat\u00bb global_colors_info=\u00bb{}\u00bb][et_pb_column type=\u00bb4_4&#8243; _builder_version=\u00bb4.16&#8243; custom_padding=\u00bb|||\u00bb global_colors_info=\u00bb{}\u00bb custom_padding__hover=\u00bb|||\u00bb][et_pb_text _builder_version=\u00bb4.16&#8243; text_font=\u00bbNunito Sans||||||||\u00bb text_text_color=\u00bb#ffffff\u00bb text_font_size=\u00bb18px\u00bb text_line_height=\u00bb1.8em\u00bb header_font=\u00bbNunito Sans|700|||||||\u00bb header_font_size=\u00bb45px\u00bb header_line_height=\u00bb1.3em\u00bb header_2_font=\u00bb||||||||\u00bb text_orientation=\u00bbcenter\u00bb background_layout=\u00bbdark\u00bb max_width=\u00bb700px\u00bb module_alignment=\u00bbcenter\u00bb global_colors_info=\u00bb{}\u00bb]<\/p>\n<h1>Aviso TRCP 679b<\/h1>\n<p>Este es el aviso que las Reglas de Procedimiento Civil de Texas <b>\u00a7<\/b>679(b) describen como una protecci\u00f3n al consumidor en una orden de Entrega o Administraci\u00f3n Judicial en Texas.<\/p>\n<p>[\/et_pb_text][\/et_pb_column][\/et_pb_row][\/et_pb_section][et_pb_section fb_built=\u00bb1&#8243; admin_label=\u00bbDeveloper Documentation Section\u00bb _builder_version=\u00bb4.16&#8243; background_color=\u00bb#f8fbfe\u00bb custom_padding=\u00bb100px|0px|100px|0px\u00bb global_colors_info=\u00bb{}\u00bb][et_pb_row column_structure=\u00bb1_3,2_3&#8243; admin_label=\u00bb\u00c1pice\u00bb _builder_version=\u00bb4.16&#8243; custom_padding=\u00bb60px|0px|60px|0px\u00bb global_colors_info=\u00bb{}\u00bb][et_pb_column type=\u00bb1_3&#8243; _builder_version=\u00bb4.16&#8243; custom_padding=\u00bb|||\u00bb global_colors_info=\u00bb{}\u00bb custom_padding__hover=\u00bb|||\u00bb][\/et_pb_column][et_pb_column type=\u00bb2_3&#8243; _builder_version=\u00bb4.16&#8243; custom_padding=\u00bb|||\u00bb global_colors_info=\u00bb{}\u00bb custom_padding__hover=\u00bb|||\u00bb][et_pb_text _builder_version=\u00bb4.21.0&#8243; text_font=\u00bbNunito Sans||||||||\u00bb text_text_color=\u00bb#959baf\u00bb text_font_size=\u00bb18px\u00bb text_line_height=\u00bb1.8em\u00bb header_font=\u00bb||||||||\u00bb header_2_font=\u00bbNunito Sans|700|||||||\u00bb header_2_text_color=\u00bb#535b7c\u00bb header_2_font_size=\u00bb35px\u00bb header_2_line_height=\u00bb1.3em\u00bb max_width=\u00bb700px\u00bb module_alignment=\u00bbleft\u00bb hover_enabled=\u00bb0&#8243; global_colors_info=\u00bb{}\u00bb sticky_enabled=\u00bb0&#8243;]<\/p>\n<h2>Aviso de Protecci\u00f3n al Consumidor<\/h2>\n<p>Puede completar este aviso (o usar el aviso prellenado que le enviamos) para. Una vez completado, env\u00ede una copia a la corte y programe una audiencia ante el juez. Por favor env\u00ede una copia a <a href=\"mailto:cs@texasreceivership.com\" target=\"_blank\" rel=\"noopener\"><strong>cs@texasreceivership.com<\/strong><\/a><\/p>\n<p>[\/et_pb_text][\/et_pb_column][\/et_pb_row][et_pb_row column_structure=\u00bb1_3,2_3&#8243; use_custom_gutter=\u00bbon\u00bb gutter_width=\u00bb2&#8243; _builder_version=\u00bb4.16&#8243; custom_padding=\u00bb|||\u00bb global_colors_info=\u00bb{}\u00bb][et_pb_column type=\u00bb1_3&#8243; _builder_version=\u00bb4.16&#8243; background_color_gradient_direction=\u00bb243deg\u00bb background_color_gradient_start=\u00bb#3D72E7&#8243; background_color_gradient_end=\u00bb#53a0fe\u00bb custom_padding=\u00bb|||\u00bb global_colors_info=\u00bb{}\u00bb custom_padding__hover=\u00bb|||\u00bb][et_pb_button button_url=\u00bbhttps:\/\/texasreceivership.com\/wp-content\/uploads\/2023\/04\/TRCP_679b_NOTICE.pdf\u00bb url_new_window=\u00bbon\u00bb button_text=\u00bbDescargar PDF\u00bb _builder_version=\u00bb4.20.4&#8243; custom_button=\u00bbon\u00bb button_text_size=\u00bb13px\u00bb button_text_color=\u00bb#535b7c\u00bb button_bg_color=\u00bbrgba(0,0,0,0.05)\u00bb button_bg_color_gradient_direction=\u00bb243deg\u00bb button_bg_color_gradient_stops=\u00bb#3D72E7 0%|#53a0fe 100%\u00bb button_bg_color_gradient_start=\u00bb#3D72E7&#8243; button_bg_color_gradient_end=\u00bb#53a0fe\u00bb button_border_width=\u00bb0px\u00bb button_border_radius=\u00bb26px\u00bb button_letter_spacing=\u00bb1px\u00bb button_font=\u00bbNunito Sans|800||on|||||\u00bb button_use_icon=\u00bboff\u00bb custom_margin=\u00bb|||\u00bb custom_padding=\u00bb15px|30px|15px|30px\u00bb button_border_radius_hover=\u00bb26px\u00bb button_letter_spacing_hover=\u00bb1px\u00bb button_bg_color_hover=\u00bbrgba(0,0,0,0.08)\u00bb locked=\u00bboff\u00bb global_colors_info=\u00bb{}\u00bb button_text_size__hover_enabled=\u00bboff\u00bb button_one_text_size__hover_enabled=\u00bboff\u00bb button_two_text_size__hover_enabled=\u00bboff\u00bb button_text_color__hover_enabled=\u00bboff\u00bb button_one_text_color__hover_enabled=\u00bboff\u00bb button_two_text_color__hover_enabled=\u00bboff\u00bb button_border_width__hover_enabled=\u00bboff\u00bb button_one_border_width__hover_enabled=\u00bboff\u00bb button_two_border_width__hover_enabled=\u00bboff\u00bb button_border_color__hover_enabled=\u00bboff\u00bb button_one_border_color__hover_enabled=\u00bboff\u00bb button_two_border_color__hover_enabled=\u00bboff\u00bb button_border_radius__hover_enabled=\u00bbon\u00bb button_border_radius__hover=\u00bb26px\u00bb button_one_border_radius__hover_enabled=\u00bboff\u00bb button_two_border_radius__hover_enabled=\u00bboff\u00bb button_letter_spacing__hover_enabled=\u00bbon\u00bb button_letter_spacing__hover=\u00bb1px\u00bb button_one_letter_spacing__hover_enabled=\u00bboff\u00bb button_two_letter_spacing__hover_enabled=\u00bboff\u00bb button_bg_color__hover_enabled=\u00bbon\u00bb button_bg_color__hover=\u00bbrgba(0,0,0,0.08)\u00bb button_one_bg_color__hover_enabled=\u00bboff\u00bb button_two_bg_color__hover_enabled=\u00bboff\u00bb][\/et_pb_button][et_pb_button button_url=\u00bbhttps:\/\/pay.texasreceivership.com\u00bb button_text=\u00bbRealizar un pago\u00bb _builder_version=\u00bb4.20.4&#8243; custom_button=\u00bbon\u00bb button_text_size=\u00bb13px\u00bb button_text_color=\u00bb#535b7c\u00bb button_bg_color=\u00bbrgba(0,0,0,0.05)\u00bb button_bg_color_gradient_direction=\u00bb243deg\u00bb button_bg_color_gradient_stops=\u00bb#3D72E7 0%|#53a0fe 100%\u00bb button_bg_color_gradient_start=\u00bb#3D72E7&#8243; button_bg_color_gradient_end=\u00bb#53a0fe\u00bb button_border_width=\u00bb0px\u00bb button_border_radius=\u00bb26px\u00bb button_letter_spacing=\u00bb1px\u00bb button_font=\u00bbNunito Sans|800||on|||||\u00bb button_use_icon=\u00bboff\u00bb custom_margin=\u00bb|||\u00bb custom_padding=\u00bb15px|30px|15px|30px\u00bb button_border_radius_hover=\u00bb26px\u00bb button_letter_spacing_hover=\u00bb1px\u00bb button_bg_color_hover=\u00bbrgba(0,0,0,0.08)\u00bb locked=\u00bboff\u00bb global_colors_info=\u00bb{}\u00bb button_text_size__hover_enabled=\u00bboff\u00bb button_one_text_size__hover_enabled=\u00bboff\u00bb button_two_text_size__hover_enabled=\u00bboff\u00bb button_text_color__hover_enabled=\u00bboff\u00bb button_one_text_color__hover_enabled=\u00bboff\u00bb button_two_text_color__hover_enabled=\u00bboff\u00bb button_border_width__hover_enabled=\u00bboff\u00bb button_one_border_width__hover_enabled=\u00bboff\u00bb button_two_border_width__hover_enabled=\u00bboff\u00bb button_border_color__hover_enabled=\u00bboff\u00bb button_one_border_color__hover_enabled=\u00bboff\u00bb button_two_border_color__hover_enabled=\u00bboff\u00bb button_border_radius__hover_enabled=\u00bbon\u00bb button_border_radius__hover=\u00bb26px\u00bb button_one_border_radius__hover_enabled=\u00bboff\u00bb button_two_border_radius__hover_enabled=\u00bboff\u00bb button_letter_spacing__hover_enabled=\u00bbon\u00bb button_letter_spacing__hover=\u00bb1px\u00bb button_one_letter_spacing__hover_enabled=\u00bboff\u00bb button_two_letter_spacing__hover_enabled=\u00bboff\u00bb button_bg_color__hover_enabled=\u00bbon\u00bb button_bg_color__hover=\u00bbrgba(0,0,0,0.08)\u00bb button_one_bg_color__hover_enabled=\u00bboff\u00bb button_two_bg_color__hover_enabled=\u00bboff\u00bb][\/et_pb_button][\/et_pb_column][et_pb_column type=\u00bb2_3&#8243; _builder_version=\u00bb4.16&#8243; background_color_gradient_direction=\u00bb243deg\u00bb background_color_gradient_start=\u00bb#3D72E7&#8243; background_color_gradient_end=\u00bb#53a0fe\u00bb custom_padding=\u00bb|||\u00bb global_colors_info=\u00bb{}\u00bb custom_padding__hover=\u00bb|||\u00bb][et_pb_accordion open_toggle_background_color=\u00bb#ffffff\u00bb closed_toggle_background_color=\u00bb#ffffff\u00bb icon_color=\u00bbrgba(83,91,124,0.4)\u00bb _builder_version=\u00bb4.20.4&#8243; toggle_text_color=\u00bb#535b7c\u00bb toggle_level=\u00bbh3&#8243; toggle_font=\u00bbRoboto Mono|700|||||||\u00bb toggle_text_align=\u00bbleft\u00bb toggle_font_size=\u00bb18px\u00bb body_font=\u00bbRoboto Mono||||||||\u00bb body_text_color=\u00bb#989db0&#8243; body_font_size=\u00bb13px\u00bb custom_margin=\u00bb||100px|\u00bb custom_padding=\u00bb|||\u00bb link_option_url_new_window=\u00bbon\u00bb border_radii=\u00bbon|4px|4px|4px|4px\u00bb border_width_all=\u00bb0px\u00bb border_color_all=\u00bb#d9d9d9&#8243; border_style_all=\u00bbsolid\u00bb box_shadow_style=\u00bbpreset3&#8243; box_shadow_color=\u00bbrgba(34,56,101,0.12)\u00bb use_border_color=\u00bbon\u00bb border_width=\u00bb0px\u00bb locked=\u00bboff\u00bb global_colors_info=\u00bb{}\u00bb][et_pb_accordion_item title=\u00bbP\u00c1GINA 1&#8243; open=\u00bbon\u00bb _builder_version=\u00bb4.20.4&#8243; global_colors_info=\u00bb{}\u00bb]<\/p>\n<p><a href=\"https:\/\/texasreceivership.com\/wp-content\/uploads\/2023\/04\/TRCP_679b_NOTICE-1.pdf\"><img decoding=\"async\" src=\"https:\/\/texasreceivership.com\/wp-content\/uploads\/2023\/04\/TRCP_679b_NOTICE-1-1-791x1024.jpg\" width=\"791\" height=\"1024\" alt=\"\" class=\"wp-image-160 alignnone size-large\"><\/a><\/p>\n<p>[\/et_pb_accordion_item][et_pb_accordion_item title=\u00bbP\u00c1GINA 2&#8243; _builder_version=\u00bb4.20.4&#8243; global_colors_info=\u00bb{}\u00bb open=\u00bboff\u00bb]<\/p>\n<p><a href=\"https:\/\/texasreceivership.com\/wp-content\/uploads\/2023\/04\/TRCP_679b_NOTICE-2.pdf\" target=\"_blank\" rel=\"noopener\"><img decoding=\"async\" src=\"https:\/\/texasreceivership.com\/wp-content\/uploads\/2023\/04\/TRCP_679b_NOTICE-2-1-791x1024.jpg\" width=\"791\" height=\"1024\" alt=\"\" class=\"wp-image-158 alignnone size-large\"><\/a><\/p>\n<p>[\/et_pb_accordion_item][et_pb_accordion_item title=\u00bbP\u00c1GINA 3&#8243; _builder_version=\u00bb4.20.4&#8243; _module_preset=\u00bbdefault\u00bb global_colors_info=\u00bb{}\u00bb open=\u00bboff\u00bb]<\/p>\n<p><a href=\"https:\/\/texasreceivership.com\/wp-content\/uploads\/2023\/04\/TRCP_679b_NOTICE-3.pdf\" target=\"_blank\" rel=\"noopener\"><img decoding=\"async\" src=\"https:\/\/texasreceivership.com\/wp-content\/uploads\/2023\/04\/TRCP_679b_NOTICE-3-1-788x1024.jpg\" width=\"788\" height=\"1024\" alt=\"\" class=\"wp-image-156 alignnone size-large\"><\/a><\/p>\n<p>[\/et_pb_accordion_item][et_pb_accordion_item title=\u00bbP\u00c1GINA 4&#8243; _builder_version=\u00bb4.20.4&#8243; _module_preset=\u00bbdefault\u00bb global_colors_info=\u00bb{}\u00bb open=\u00bboff\u00bb]<\/p>\n<p><a href=\"https:\/\/texasreceivership.com\/wp-content\/uploads\/2023\/04\/TRCP_679b_NOTICE-4.pdf\" target=\"_blank\" rel=\"noopener\"><img decoding=\"async\" src=\"https:\/\/texasreceivership.com\/wp-content\/uploads\/2023\/04\/TRCP_679b_NOTICE-4-1-792x1024.jpg\" width=\"792\" height=\"1024\" alt=\"\" class=\"wp-image-154 alignnone size-large\"><\/a><\/p>\n<p>[\/et_pb_accordion_item][et_pb_accordion_item title=\u00bbP\u00c1GINA 5&#8243; _builder_version=\u00bb4.20.4&#8243; _module_preset=\u00bbdefault\u00bb link_option_url=\u00bbhttps:\/\/texasreceivership.com\/wp-content\/uploads\/2023\/04\/TRCP_679b_NOTICE-5.pdf\u00bb link_option_url_new_window=\u00bbon\u00bb global_colors_info=\u00bb{}\u00bb open=\u00bboff\u00bb]<\/p>\n<p><a href=\"https:\/\/texasreceivership.com\/wp-content\/uploads\/2023\/04\/TRCP_679b_NOTICE-5.pdf\" target=\"_blank\" rel=\"noopener\"><img decoding=\"async\" src=\"https:\/\/texasreceivership.com\/wp-content\/uploads\/2023\/04\/TRCP_679b_NOTICE-5-791x1024.jpg\" width=\"791\" height=\"1024\" alt=\"\" class=\"wp-image-152 alignnone size-large\"><\/a><\/p>\n<p>[\/et_pb_accordion_item][et_pb_accordion_item title=\u00bbP\u00c1GINA 6&#8243; _builder_version=\u00bb4.20.4&#8243; _module_preset=\u00bbdefault\u00bb global_colors_info=\u00bb{}\u00bb open=\u00bboff\u00bb]<\/p>\n<p><a href=\"https:\/\/texasreceivership.com\/wp-content\/uploads\/2023\/04\/TRCP_679b_NOTICE-6.pdf\" target=\"_blank\" rel=\"noopener\"><img decoding=\"async\" src=\"https:\/\/texasreceivership.com\/wp-content\/uploads\/2023\/04\/TRCP_679b_NOTICE-6-791x1024.jpg\" width=\"791\" height=\"1024\" alt=\"\" class=\"wp-image-150 alignnone size-large\"><\/a><\/p>\n<p>[\/et_pb_accordion_item][et_pb_accordion_item title=\u00bbP\u00c1GINA 7&#8243; _builder_version=\u00bb4.20.4&#8243; _module_preset=\u00bbdefault\u00bb global_colors_info=\u00bb{}\u00bb open=\u00bboff\u00bb]<\/p>\n<p><a href=\"https:\/\/texasreceivership.com\/wp-content\/uploads\/2023\/04\/TRCP_679b_NOTICE-7.pdf\" target=\"_blank\" rel=\"noopener\"><img decoding=\"async\" src=\"https:\/\/texasreceivership.com\/wp-content\/uploads\/2023\/04\/TRCP_679b_NOTICE-7-791x1024.jpg\" width=\"791\" height=\"1024\" alt=\"\" class=\"wp-image-148 alignnone size-large\"><\/a><\/p>\n<p>[\/et_pb_accordion_item][et_pb_accordion_item title=\u00bbP\u00c1GINA 8&#8243; _builder_version=\u00bb4.20.4&#8243; _module_preset=\u00bbdefault\u00bb global_colors_info=\u00bb{}\u00bb open=\u00bboff\u00bb]<\/p>\n<p><a href=\"https:\/\/texasreceivership.com\/wp-content\/uploads\/2023\/04\/TRCP_679b_NOTICE-8.pdf\" target=\"_blank\" rel=\"noopener\"><img decoding=\"async\" src=\"https:\/\/texasreceivership.com\/wp-content\/uploads\/2023\/04\/TRCP_679b_NOTICE-8-791x1024.jpg\" width=\"791\" height=\"1024\" alt=\"\" class=\"wp-image-146 alignnone size-large\"><\/a><\/p>\n<p>[\/et_pb_accordion_item][\/et_pb_accordion][\/et_pb_column][\/et_pb_row][\/et_pb_section][et_pb_section fb_built=\u00bb1&#8243; admin_label=\u00bbGet Started CTA\u00bb _builder_version=\u00bb4.16&#8243; background_color=\u00bb#202332&#8243; custom_padding=\u00bb0px|0px|100px|0px\u00bb box_shadow_style=\u00bbpreset3&#8243; box_shadow_vertical=\u00bb160px\u00bb box_shadow_blur=\u00bb0px\u00bb box_shadow_spread=\u00bb-80px\u00bb box_shadow_color=\u00bb#ffffff\u00bb box_shadow_position=\u00bbinner\u00bb saved_tabs=\u00bball\u00bb global_colors_info=\u00bb{}\u00bb][et_pb_row column_structure=\u00bb2_3,1_3&#8243; admin_label=\u00bbFila de llamada a la acci\u00f3n\u00bb _builder_version=\u00bb4.16&#8243; use_background_color_gradient=\u00bbon\u00bb background_color_gradient_direction=\u00bb243deg\u00bb background_color_gradient_stops=\u00bb#3D72E7 0%|#53A0FE 100%\u00bb background_color_gradient_start=\u00bb#3D72E7&#8243; background_color_gradient_end=\u00bb#53A0FE\u00bb custom_padding=\u00bb32px|40px||40px\u00bb border_radii=\u00bbon|4px|4px|4px|4px\u00bb global_colors_info=\u00bb{}\u00bb][et_pb_column type=\u00bb2_3&#8243; _builder_version=\u00bb4.16&#8243; custom_padding=\u00bb|||\u00bb global_colors_info=\u00bb{}\u00bb custom_padding__hover=\u00bb|||\u00bb][et_pb_text _builder_version=\u00bb4.20.4&#8243; text_font=\u00bbNunito Sans||||||||\u00bb text_text_color=\u00bb#ffffff\u00bb text_font_size=\u00bb15px\u00bb header_font=\u00bbNunito Sans|700|||||||\u00bb header_text_align=\u00bbleft\u00bb header_text_color=\u00bb#ffffff\u00bb header_font_size=\u00bb35px\u00bb header_line_height=\u00bb1.4em\u00bb header_2_font=\u00bbNunito Sans|700|||||||\u00bb header_2_text_align=\u00bbleft\u00bb header_2_text_color=\u00bb#ffffff\u00bb header_2_font_size=\u00bb35px\u00bb header_2_line_height=\u00bb1.4em\u00bb header_3_font=\u00bb||||||||\u00bb header_4_font=\u00bb||||||||\u00bb header_5_font=\u00bb||||||||\u00bb header_6_font=\u00bb||||||||\u00bb custom_margin=\u00bb||| \u00bb global_colors_info=\u00bb{}\u00bb]<\/p>\n<h2>\u00bfNecesitas ayuda? Contacta con nosotros ahora.<\/h2>\n<p>[\/et_pb_text][\/et_pb_column][et_pb_column type=\u00bb1_3&#8243; _builder_version=\u00bb4.16&#8243; custom_padding=\u00bb|||\u00bb global_colors_info=\u00bb{}\u00bb custom_padding__hover=\u00bb|||\u00bb][et_pb_button button_url=\u00bbhttps:\/\/texasreceivership.com\/es\/?page_id=255&#8243; button_text=\u00bbContacta con nosotros ahora\u00bb button_alignment=\u00bbright\u00bb _builder_version=\u00bb4.20.4&#8243; custom_button=\u00bbon\u00bb button_text_size=\u00bb13px\u00bb button_text_color=\u00bb#3D72E7&#8243; button_bg_color=\u00bb#ffffff\u00bb button_bg_color_gradient_direction=\u00bb243deg\u00bb button_bg_color_gradient_stops=\u00bb#3D72E7 0%|#53a0fe 100%\u00bb button_bg_color_gradient_start=\u00bb#3D72E7&#8243; button_bg_color_gradient_end=\u00bb#53a0fe\u00bb button_border_width=\u00bb0px\u00bb button_border_radius=\u00bb26px\u00bb button_letter_spacing=\u00bb1px\u00bb button_font=\u00bbNunito Sans|800||on|||||\u00bb button_use_icon=\u00bboff\u00bb custom_margin=\u00bb|||\u00bb custom_padding=\u00bb15px|30px|15px|30px\u00bb button_text_color_hover=\u00bb#3D72E7&#8243; button_border_radius_hover=\u00bb26px\u00bb button_letter_spacing_hover=\u00bb1px\u00bb button_bg_color_hover=\u00bb#ffffff\u00bb global_colors_info=\u00bb{}\u00bb button_text_size__hover_enabled=\u00bboff\u00bb button_one_text_size__hover_enabled=\u00bboff\u00bb button_two_text_size__hover_enabled=\u00bboff\u00bb button_text_color__hover_enabled=\u00bbon\u00bb button_text_color__hover=\u00bb#3D72E7&#8243; button_one_text_color__hover_enabled=\u00bboff\u00bb button_two_text_color__hover_enabled=\u00bboff\u00bb button_border_width__hover_enabled=\u00bboff\u00bb button_one_border_width__hover_enabled=\u00bboff\u00bb button_two_border_width__hover_enabled=\u00bboff\u00bb button_border_color__hover_enabled=\u00bboff\u00bb button_one_border_color__hover_enabled=\u00bboff\u00bb button_two_border_color__hover_enabled=\u00bboff\u00bb button_border_radius__hover_enabled=\u00bbon\u00bb button_border_radius__hover=\u00bb26px\u00bb button_one_border_radius__hover_enabled=\u00bboff\u00bb button_two_border_radius__hover_enabled=\u00bboff\u00bb button_letter_spacing__hover_enabled=\u00bbon\u00bb button_letter_spacing__hover=\u00bb1px\u00bb button_one_letter_spacing__hover_enabled=\u00bboff\u00bb button_two_letter_spacing__hover_enabled=\u00bboff\u00bb button_bg_color__hover_enabled=\u00bbon\u00bb button_bg_color__hover=\u00bb#ffffff\u00bb button_one_bg_color__hover_enabled=\u00bboff\u00bb button_two_bg_color__hover_enabled=\u00bboff\u00bb][\/et_pb_button][\/et_pb_column][\/et_pb_row][\/et_pb_section]<\/p>\n","protected":false},"excerpt":{"rendered":"<p>Aviso TRCP 679b Este es el aviso que las Reglas de Procedimiento Civil de Texas \u00a7679(b) describen como una protecci\u00f3n al consumidor en una orden de Entrega o Administraci\u00f3n Judicial en Texas.Aviso de Protecci\u00f3n al Consumidor Puede completar este aviso (o usar el aviso prellenado que le enviamos) para. Una vez completado, env\u00ede una copia [&hellip;]<\/p>\n","protected":false},"author":1,"featured_media":0,"parent":0,"menu_order":0,"comment_status":"closed","ping_status":"closed","template":"","meta":{"_et_pb_use_builder":"on","_et_pb_old_content":"","_et_gb_content_width":"","footnotes":""},"class_list":["post-193","page","type-page","status-publish","hentry"],"_links":{"self":[{"href":"https:\/\/texasreceivership.com\/es\/wp-json\/wp\/v2\/pages\/193","targetHints":{"allow":["GET"]}}],"collection":[{"href":"https:\/\/texasreceivership.com\/es\/wp-json\/wp\/v2\/pages"}],"about":[{"href":"https:\/\/texasreceivership.com\/es\/wp-json\/wp\/v2\/types\/page"}],"author":[{"embeddable":true,"href":"https:\/\/texasreceivership.com\/es\/wp-json\/wp\/v2\/users\/1"}],"replies":[{"embeddable":true,"href":"https:\/\/texasreceivership.com\/es\/wp-json\/wp\/v2\/comments?post=193"}],"version-history":[{"count":0,"href":"https:\/\/texasreceivership.com\/es\/wp-json\/wp\/v2\/pages\/193\/revisions"}],"wp:attachment":[{"href":"https:\/\/texasreceivership.com\/es\/wp-json\/wp\/v2\/media?parent=193"}],"curies":[{"name":"wp","href":"https:\/\/api.w.org\/{rel}","templated":true}]}}