{"id":232,"date":"2023-05-02T20:03:55","date_gmt":"2023-05-02T20:03:55","guid":{"rendered":"https:\/\/texasreceivership.com\/su-cuenta-bancaria\/"},"modified":"2024-06-24T02:02:43","modified_gmt":"2024-06-24T02:02:43","slug":"su-cuenta-bancaria","status":"publish","type":"page","link":"https:\/\/texasreceivership.com\/es\/su-cuenta-bancaria\/","title":{"rendered":"Su cuenta bancaria"},"content":{"rendered":"<p>[et_pb_section fb_built=\u00bb1&#8243; admin_label=\u00bbCenter Aligned Text \u00bb _builder_version=\u00bb4.21.0&#8243; background_color=\u00bb#f8fbfe\u00bb use_background_color_gradient=\u00bbon\u00bb background_color_gradient_direction=\u00bb135deg\u00bb background_color_gradient_stops=\u00bb#00c3d8 0%|#0780b5 100%\u00bb background_color_gradient_start=\u00bb#00c3d8&#8243; background_color_gradient_end=\u00bb#0780b5&#8243; background_image=\u00bbhttps:\/\/texasreceivership.com\/wp-content\/uploads\/2023\/04\/geometric-bg-overlay-01.jpg\u00bb background_blend=\u00bboverlay\u00bb custom_padding=\u00bb3%|0px|3%|0px|false|false\u00bb animation_style=\u00bbzoom\u00bb animation_direction=\u00bbbottom\u00bb animation_intensity_zoom=\u00bb8%\u00bb animation_starting_opacity=\u00bb100%\u00bb global_colors_info=\u00bb{}\u00bb][et_pb_row _builder_version=\u00bb4.16&#8243; global_colors_info=\u00bb{}\u00bb][et_pb_column type=\u00bb4_4&#8243; _builder_version=\u00bb4.16&#8243; custom_padding=\u00bb|||\u00bb global_colors_info=\u00bb{}\u00bb custom_padding__hover=\u00bb|||\u00bb][et_pb_text _builder_version=\u00bb4.21.0&#8243; text_font=\u00bbNunito Sans||||||||\u00bb text_text_color=\u00bb#ffffff\u00bb text_font_size=\u00bb18px\u00bb text_line_height=\u00bb1.8em\u00bb header_font=\u00bbNunito Sans|700|||||||\u00bb header_font_size=\u00bb45px\u00bb header_line_height=\u00bb1.3em\u00bb header_2_font=\u00bb||||||||\u00bb text_orientation=\u00bbcenter\u00bb background_layout=\u00bbdark\u00bb max_width=\u00bb700px\u00bb module_alignment=\u00bbcenter\u00bb hover_enabled=\u00bb0&#8243; global_colors_info=\u00bb{}\u00bb sticky_enabled=\u00bb0&#8243;]<\/p>\n<h1>Cuenta bancaria congelada \/ embargada<\/h1>\n<p>Si su cuenta bancaria ha sido congelada por la administraci\u00f3n judicial de Texas, revise y siga la informaci\u00f3n a continuaci\u00f3n.<\/p>\n<p>[\/et_pb_text][\/et_pb_column][\/et_pb_row][\/et_pb_section][et_pb_section fb_built=\u00bb1&#8243; admin_label=\u00bbFeatures CTA Section\u00bb _builder_version=\u00bb4.16&#8243; custom_padding=\u00bb100px|0px|100px|0px\u00bb saved_tabs=\u00bball\u00bb global_colors_info=\u00bb{}\u00bb][et_pb_row column_structure=\u00bb1_2,1_2&#8243; admin_label=\u00bbImagen del lado izquierdo\u00bb _builder_version=\u00bb4.16&#8243; custom_padding=\u00bb60px|0px|60px|0px\u00bb global_colors_info=\u00bb{}\u00bb][et_pb_column type=\u00bb1_2&#8243; _builder_version=\u00bb4.16&#8243; custom_padding=\u00bb|||\u00bb global_colors_info=\u00bb{}\u00bb custom_padding__hover=\u00bb|||\u00bb][et_pb_image src=\u00bbhttps:\/\/texasreceivership.com\/wp-content\/uploads\/2023\/04\/feature-img-2-2.jpg\u00bb align_tablet=\u00bbcenter\u00bb align_phone=\u00bbcenter\u00bb align_last_edited=\u00bbon|desktop\u00bb _builder_version=\u00bb4.16&#8243; animation_style=\u00bbzoom\u00bb animation_direction=\u00bbright\u00bb animation_intensity_zoom=\u00bb5%\u00bb global_colors_info=\u00bb{}\u00bb][\/et_pb_image][\/et_pb_column][et_pb_column type=\u00bb1_2&#8243; _builder_version=\u00bb4.16&#8243; custom_padding=\u00bb|||\u00bb global_colors_info=\u00bb{}\u00bb custom_padding__hover=\u00bb|||\u00bb][et_pb_text _builder_version=\u00bb4.21.0&#8243; text_font=\u00bbNunito Sans||||||||\u00bb text_text_color=\u00bb#959baf\u00bb text_font_size=\u00bb18px\u00bb text_line_height=\u00bb1.8em\u00bb header_font=\u00bb||||||||\u00bb header_text_align=\u00bbleft\u00bb header_2_font=\u00bbNunito Sans|700|||||||\u00bb header_2_text_color=\u00bb#535b7c\u00bb header_2_font_size=\u00bb35px\u00bb header_2_line_height=\u00bb1.3em\u00bb max_width=\u00bb700px\u00bb module_alignment=\u00bbcenter\u00bb global_colors_info=\u00bb{}\u00bb]<\/p>\n<h2>\u00bfPor qu\u00e9 mi cuenta bancaria est\u00e1 congelada?<\/h2>\n<p>Un juez dictamin\u00f3 que debes dinero a un acreedor. El juez firm\u00f3 una sentencia en su contra. Los fallos en Texas son v\u00e1lidos por 10 a\u00f1os y pueden renovarse para durar m\u00e1s. Despu\u00e9s de que se dict\u00f3 el fallo, el juez design\u00f3 a la Administraci\u00f3n judicial de Texas para cobrarle dinero a usted para pagar el fallo.<\/p>\n<p>[\/et_pb_text][\/et_pb_column][\/et_pb_row][et_pb_row column_structure=\u00bb1_3,2_3&#8243; admin_label=\u00bbImagen del lado derecho\u00bb _builder_version=\u00bb4.16&#8243; custom_padding=\u00bb60px|0px|60px|0px\u00bb locked=\u00bboff\u00bb global_colors_info=\u00bb{}\u00bb][et_pb_column type=\u00bb1_3&#8243; _builder_version=\u00bb4.16&#8243; custom_padding=\u00bb|||\u00bb global_colors_info=\u00bb{}\u00bb custom_padding__hover=\u00bb|||\u00bb][et_pb_text _builder_version=\u00bb4.21.0&#8243; text_font=\u00bbNunito Sans||||||||\u00bb text_text_color=\u00bb#959baf\u00bb text_font_size=\u00bb18px\u00bb text_line_height=\u00bb1.8em\u00bb header_font=\u00bb||||||||\u00bb header_text_align=\u00bbleft\u00bb header_2_font=\u00bbNunito Sans|700|||||||\u00bb header_2_text_color=\u00bb#535b7c\u00bb header_2_font_size=\u00bb35px\u00bb header_2_line_height=\u00bb1.3em\u00bb max_width=\u00bb700px\u00bb module_alignment=\u00bbcenter\u00bb global_colors_info=\u00bb{}\u00bb]<\/p>\n<h2>\u00bfCu\u00e1l es el proceso ahora?<\/h2>\n<p>Despu\u00e9s de que enviamos la orden judicial a su banco, congelaron el dinero en su cuenta. Es posible que no se les permita pagar cheques o giros de su cuenta. Su banco nos enviar\u00e1 una contabilidad del dinero en su cuenta al momento del embargo. Esto puede tomar de 2 a 3 semanas para que lo recibamos y depende de su banco. Tu banco tambi\u00e9n puede cobrarte una comisi\u00f3n por tener que tramitar el embargo bancario<\/p>\n<p>[\/et_pb_text][\/et_pb_column][et_pb_column type=\u00bb2_3&#8243; _builder_version=\u00bb4.16&#8243; custom_padding=\u00bb|||\u00bb global_colors_info=\u00bb{}\u00bb custom_padding__hover=\u00bb|||\u00bb][et_pb_image src=\u00bbhttps:\/\/texasreceivership.com\/wp-content\/uploads\/2023\/04\/sass-ui-mocks-o4.jpg\u00bb align_tablet=\u00bbcenter\u00bb align_phone=\u00bbcenter\u00bb align_last_edited=\u00bbon|desktop\u00bb _builder_version=\u00bb4.16&#8243; animation_style=\u00bbzoom\u00bb animation_direction=\u00bbleft\u00bb animation_intensity_zoom=\u00bb5%\u00bb border_radii=\u00bbon|10px|10px|10px|10px\u00bb border_width_all=\u00bb1px\u00bb border_color_all=\u00bbrgba(51,51,51,0.1)\u00bb box_shadow_style=\u00bbpreset1&#8243; box_shadow_vertical=\u00bb10px\u00bb box_shadow_blur=\u00bb30px\u00bb box_shadow_color=\u00bbrgba(34,56,101,0.09)\u00bb global_colors_info=\u00bb{}\u00bb][\/et_pb_image][\/et_pb_column][\/et_pb_row][\/et_pb_section][et_pb_section fb_built=\u00bb1&#8243; admin_label=\u00bbFeatures CTA Section\u00bb _builder_version=\u00bb4.16&#8243; custom_padding=\u00bb100px|0px|100px|0px\u00bb saved_tabs=\u00bball\u00bb global_colors_info=\u00bb{}\u00bb][et_pb_row column_structure=\u00bb1_2,1_2&#8243; admin_label=\u00bbImagen del lado izquierdo\u00bb _builder_version=\u00bb4.16&#8243; custom_padding=\u00bb60px|0px|60px|0px\u00bb global_colors_info=\u00bb{}\u00bb][et_pb_column type=\u00bb1_2&#8243; _builder_version=\u00bb4.16&#8243; custom_padding=\u00bb|||\u00bb global_colors_info=\u00bb{}\u00bb custom_padding__hover=\u00bb|||\u00bb][et_pb_image src=\u00bbhttps:\/\/texasreceivership.com\/wp-content\/uploads\/2023\/04\/feature-img-2-2.jpg\u00bb align_tablet=\u00bbcenter\u00bb align_phone=\u00bbcenter\u00bb align_last_edited=\u00bbon|desktop\u00bb _builder_version=\u00bb4.16&#8243; animation_style=\u00bbzoom\u00bb animation_direction=\u00bbright\u00bb animation_intensity_zoom=\u00bb5%\u00bb global_colors_info=\u00bb{}\u00bb][\/et_pb_image][\/et_pb_column][et_pb_column type=\u00bb1_2&#8243; _builder_version=\u00bb4.16&#8243; custom_padding=\u00bb|||\u00bb global_colors_info=\u00bb{}\u00bb custom_padding__hover=\u00bb|||\u00bb][et_pb_text _builder_version=\u00bb4.21.0&#8243; text_font=\u00bbNunito Sans||||||||\u00bb text_text_color=\u00bb#959baf\u00bb text_font_size=\u00bb18px\u00bb text_line_height=\u00bb1.8em\u00bb header_font=\u00bb||||||||\u00bb header_text_align=\u00bbleft\u00bb header_2_font=\u00bbNunito Sans|700|||||||\u00bb header_2_text_color=\u00bb#535b7c\u00bb header_2_font_size=\u00bb35px\u00bb header_2_line_height=\u00bb1.3em\u00bb max_width=\u00bb700px\u00bb module_alignment=\u00bbcenter\u00bb global_colors_info=\u00bb{}\u00bb]<\/p>\n<h2>Despu\u00e9s de recibir la contabilidad<\/h2>\n<p>Despu\u00e9s de recibir la contabilidad y el dinero de su cuenta bancaria, lo acreditaremos al total adeudado al acreedor judicial m\u00e1s nuestros honorarios y cualquier costo en el que hayamos incurrido hasta el momento. Si hemos recaudado suficiente dinero para satisfacer la orden de administraci\u00f3n judicial, informaremos al tribunal y al acreedor judicial. El acreedor del fallo emitir\u00e1 la liberaci\u00f3n del fallo por lo general en 30 d\u00edas. Si no recaudamos suficiente dinero para cumplir con la orden de administraci\u00f3n judicial, continuaremos buscando el reembolso a trav\u00e9s de cualquier m\u00e9todo legal disponible para nosotros.<\/p>\n<p>[\/et_pb_text][\/et_pb_column][\/et_pb_row][\/et_pb_section][et_pb_section fb_built=\u00bb1&#8243; disabled_on=\u00bbon|on|on\u00bb admin_label=\u00bbFeatures\u00bb _builder_version=\u00bb4.16&#8243; background_color=\u00bb#f8fbfe\u00bb custom_padding=\u00bb100px|0px|100px|0px\u00bb disabled=\u00bbon\u00bb global_colors_info=\u00bb{}\u00bb][et_pb_row _builder_version=\u00bb4.21.0&#8243; _module_preset=\u00bbdefault\u00bb column_structure=\u00bb1_2,1_2&#8243;][et_pb_column _builder_version=\u00bb4.21.0&#8243; _module_preset=\u00bbdefault\u00bb type=\u00bb1_2&#8243; hover_enabled=\u00bb0&#8243; sticky_enabled=\u00bb0&#8243;][et_pb_accordion _builder_version=\u00bb4.21.0&#8243; _module_preset=\u00bbdefault\u00bb hover_enabled=\u00bb0&#8243; sticky_enabled=\u00bb0&#8243;][et_pb_accordion_item title=\u00bb\u00bfCu\u00e1nto tiempo tomar\u00e1 este proceso?\u00bb _builder_version=\u00bb4.21.0&#8243; _module_preset=\u00bbdefault\u00bb open=\u00bbon\u00bb hover_enabled=\u00bb0&#8243; sticky_enabled=\u00bb0&#8243;]<\/p>\n<p>A menudo, un embargo bancario a trav\u00e9s de la administraci\u00f3n judicial puede tardar entre 30 y 45 d\u00edas en completarse.<\/p>\n<p>[\/et_pb_accordion_item][et_pb_accordion_item title=\u00bb\u00bfQu\u00e9 honorarios est\u00e1n involucrados en una administraci\u00f3n judicial?\u00bb _builder_version=\u00bb4.21.0&#8243; _module_preset=\u00bbdefault\u00bb open=\u00bboff\u00bb hover_enabled=\u00bb0&#8243; sticky_enabled=\u00bb0&#8243;]<\/p>\n<p>El tribunal ha ordenado que la administraci\u00f3n judicial de Texas eval\u00fae un cobro del 15 % al 25 % adem\u00e1s del valor actual del fallo. Es posible que hayamos tenido que comprar informes sobre usted para ubicarlo y encontrar otros datos sobre usted. Se le cobrar\u00e1 por este informe cuando lo permita el tribunal. Finalmente, su banco puede cobrarle una comisi\u00f3n por tener que tramitar el embargo bancario.<\/p>\n<p>En resumen las tarifas son:<\/p>\n<ul>\n<li>Tarifa de administraci\u00f3n judicial<\/li>\n<li>Informe de tarifas<\/li>\n<li>Tus comisiones bancarias<\/li>\n<\/ul>\n<p>[\/et_pb_accordion_item][et_pb_accordion_item title=\u00bb\u00bfQu\u00e9 puedo hacer para acelerar este proceso?\u00bb _builder_version=\u00bb4.21.0&#8243; _module_preset=\u00bbdefault\u00bb hover_enabled=\u00bb0&#8243; sticky_enabled=\u00bb0&#8243;]<\/p>\n<p>Por lo general, no hay mucho que pueda hacer para acelerar mucho el proceso de administraci\u00f3n judicial.<\/p>\n<p>Para acortar el tiempo que lleva cerrar la administraci\u00f3n judicial, puede:<\/p>\n<ul>\n<li>Env\u00edenos una captura de pantalla de los saldos de las cuentas bancarias y el monto retenido a <a href=\"mailto:cs@texasreceivership.com\">cs@texasreceivership.com<\/a>. Esto nos permite confirmar m\u00e1s r\u00e1pidamente con el banco el monto en las cuentas.<\/li>\n<li>Puede pagar el monto total de la administraci\u00f3n judicial en su totalidad [HERE] y liberaremos el embargo bancario.<\/li>\n<\/ul>\n<p>[\/et_pb_accordion_item][\/et_pb_accordion][\/et_pb_column][et_pb_column _builder_version=\u00bb4.21.0&#8243; _module_preset=\u00bbdefault\u00bb type=\u00bb1_2&#8243;][et_pb_accordion _builder_version=\u00bb4.21.0&#8243; _module_preset=\u00bbdefault\u00bb hover_enabled=\u00bb0&#8243; sticky_enabled=\u00bb0&#8243;][et_pb_accordion_item title=\u00bb\u00bfC\u00f3mo pago al Receptor?\u00bb _builder_version=\u00bb4.21.0&#8243; _module_preset=\u00bbdefault\u00bb open=\u00bbon\u00bb hover_enabled=\u00bb0&#8243; sticky_enabled=\u00bb0&#8243;]<\/p>\n<p>Su contenido va aqu\u00ed. Edite o elimine este texto en l\u00ednea o en la configuraci\u00f3n de contenido del m\u00f3dulo. Tambi\u00e9n puede dise\u00f1ar cada aspecto de este contenido en la configuraci\u00f3n de dise\u00f1o del m\u00f3dulo e incluso aplicar CSS personalizado a este texto en la configuraci\u00f3n avanzada del m\u00f3dulo.<\/p>\n<p>[\/et_pb_accordion_item][et_pb_accordion_item title=\u00bb\u00bfC\u00f3mo puedo llegar a un acuerdo con el acreedor de la Sentencia?\u00bb _builder_version=\u00bb4.21.0&#8243; _module_preset=\u00bbdefault\u00bb open=\u00bboff\u00bb hover_enabled=\u00bb0&#8243; sticky_enabled=\u00bb0&#8243;]<\/p>\n<p>Su contenido va aqu\u00ed. Edite o elimine este texto en l\u00ednea o en la configuraci\u00f3n de contenido del m\u00f3dulo. Tambi\u00e9n puede dise\u00f1ar cada aspecto de este contenido en la configuraci\u00f3n de dise\u00f1o del m\u00f3dulo e incluso aplicar CSS personalizado a este texto en la configuraci\u00f3n avanzada del m\u00f3dulo.<\/p>\n<p>[\/et_pb_accordion_item][\/et_pb_accordion][\/et_pb_column][\/et_pb_row][\/et_pb_section][et_pb_section fb_built=\u00bb1&#8243; disabled_on=\u00bbon|on|on\u00bb admin_label=\u00bbTestimonial\u00bb _builder_version=\u00bb4.16&#8243; custom_padding=\u00bb100px|0px|100px|0px\u00bb disabled=\u00bbon\u00bb global_colors_info=\u00bb{}\u00bb][et_pb_row admin_label=\u00bbFila de testimonios\u00bb _builder_version=\u00bb4.16&#8243; global_colors_info=\u00bb{}\u00bb][et_pb_column type=\u00bb4_4&#8243; _builder_version=\u00bb4.16&#8243; custom_padding=\u00bb|||\u00bb global_colors_info=\u00bb{}\u00bb custom_padding__hover=\u00bb|||\u00bb][et_pb_blurb title=\u00bb%22Cras malesuada fermentum sollicitudin. Ut at nunc ut lectus interdum consectetur et quis erat. Etiam vel lacus ex.%22&#8243; admin_label=\u00bbTestimonial\u00bb _builder_version=\u00bb4.16&#8243; header_level=\u00bbh2&#8243; header_font=\u00bbNunito Sans|700|||||||\u00bb header_text_color=\u00bb#535b7c\u00bb header_line_height=\u00bb1.4em\u00bb body_font=\u00bbNunito Sans|600|||||||\u00bb body_text_color=\u00bb#959baf\u00bb body_font_size=\u00bb16px\u00bb background_image=\u00bbhttps:\/\/texasreceivership.com\/wp-content\/uploads\/2023\/04\/quote-bg.png\u00bb background_size=\u00bbinitial\u00bb text_orientation=\u00bbcenter\u00bb global_colors_info=\u00bb{}\u00bb]- Ali Sayed<br \/>\n[\/et_pb_blurb][\/et_pb_column][\/et_pb_row][\/et_pb_section][et_pb_section fb_built=\u00bb1&#8243; admin_label=\u00bbGet Started CTA\u00bb _builder_version=\u00bb4.16&#8243; background_color=\u00bb#202332&#8243; custom_padding=\u00bb0px|0px|100px|0px\u00bb box_shadow_style=\u00bbpreset3&#8243; box_shadow_vertical=\u00bb160px\u00bb box_shadow_blur=\u00bb0px\u00bb box_shadow_spread=\u00bb-80px\u00bb box_shadow_color=\u00bb#ffffff\u00bb box_shadow_position=\u00bbinner\u00bb saved_tabs=\u00bball\u00bb global_colors_info=\u00bb{}\u00bb][et_pb_row column_structure=\u00bb2_3,1_3&#8243; admin_label=\u00bbFila de llamada a la acci\u00f3n\u00bb _builder_version=\u00bb4.16&#8243; use_background_color_gradient=\u00bbon\u00bb background_color_gradient_direction=\u00bb243deg\u00bb background_color_gradient_stops=\u00bb#3D72E7 0%|#53A0FE 100%\u00bb background_color_gradient_start=\u00bb#3D72E7&#8243; background_color_gradient_end=\u00bb#53A0FE\u00bb custom_padding=\u00bb32px|40px||40px\u00bb border_radii=\u00bbon|4px|4px|4px|4px\u00bb global_colors_info=\u00bb{}\u00bb][et_pb_column type=\u00bb2_3&#8243; _builder_version=\u00bb4.16&#8243; custom_padding=\u00bb|||\u00bb global_colors_info=\u00bb{}\u00bb custom_padding__hover=\u00bb|||\u00bb][et_pb_text _builder_version=\u00bb4.16&#8243; text_font=\u00bbNunito Sans||||||||\u00bb text_text_color=\u00bb#ffffff\u00bb text_font_size=\u00bb15px\u00bb header_font=\u00bbNunito Sans|700|||||||\u00bb header_text_align=\u00bbleft\u00bb header_text_color=\u00bb#ffffff\u00bb header_font_size=\u00bb35px\u00bb header_line_height=\u00bb1.4em\u00bb header_2_font=\u00bbNunito Sans|700|||||||\u00bb header_2_text_align=\u00bbleft\u00bb header_2_text_color=\u00bb#ffffff\u00bb header_2_font_size=\u00bb35px\u00bb header_2_line_height=\u00bb1.4em\u00bb header_3_font=\u00bb||||||||\u00bb header_4_font=\u00bb||||||||\u00bb header_5_font=\u00bb||||||||\u00bb header_6_font=\u00bb||||||||\u00bb custom_margin=\u00bb||| \u00bb global_colors_info=\u00bb{}\u00bb]<\/p>\n<h2>\u00bfNecesita opciones de pago?<\/h2>\n<p>[\/et_pb_text][\/et_pb_column][et_pb_column type=\u00bb1_3&#8243; _builder_version=\u00bb4.16&#8243; custom_padding=\u00bb|||\u00bb global_colors_info=\u00bb{}\u00bb custom_padding__hover=\u00bb|||\u00bb][et_pb_button button_url=\u00bbhttps:\/\/texasreceivership.com\/repayment-options\/\u00bb button_text=\u00bbOpciones de pago\u00bb button_alignment=\u00bbright\u00bb _builder_version=\u00bb4.21.0&#8243; custom_button=\u00bbon\u00bb button_text_size=\u00bb13px\u00bb button_text_color=\u00bb#3D72E7&#8243; button_bg_color=\u00bb#ffffff\u00bb button_bg_color_gradient_direction=\u00bb243deg\u00bb button_bg_color_gradient_stops=\u00bb#3D72E7 0%|#53a0fe 100%\u00bb button_bg_color_gradient_start=\u00bb#3D72E7&#8243; button_bg_color_gradient_end=\u00bb#53a0fe\u00bb button_border_width=\u00bb0px\u00bb button_border_radius=\u00bb26px\u00bb button_letter_spacing=\u00bb1px\u00bb button_font=\u00bbNunito Sans|800||on|||||\u00bb button_use_icon=\u00bboff\u00bb custom_margin=\u00bb|||\u00bb custom_padding=\u00bb15px|30px|15px|30px\u00bb button_text_color_hover=\u00bb#3D72E7&#8243; button_border_radius_hover=\u00bb26px\u00bb button_letter_spacing_hover=\u00bb1px\u00bb button_bg_color_hover=\u00bb#ffffff\u00bb global_colors_info=\u00bb{}\u00bb button_text_size__hover_enabled=\u00bboff\u00bb button_one_text_size__hover_enabled=\u00bboff\u00bb button_two_text_size__hover_enabled=\u00bboff\u00bb button_text_color__hover_enabled=\u00bbon\u00bb button_text_color__hover=\u00bb#3D72E7&#8243; button_one_text_color__hover_enabled=\u00bboff\u00bb button_two_text_color__hover_enabled=\u00bboff\u00bb button_border_width__hover_enabled=\u00bboff\u00bb button_one_border_width__hover_enabled=\u00bboff\u00bb button_two_border_width__hover_enabled=\u00bboff\u00bb button_border_color__hover_enabled=\u00bboff\u00bb button_one_border_color__hover_enabled=\u00bboff\u00bb button_two_border_color__hover_enabled=\u00bboff\u00bb button_border_radius__hover_enabled=\u00bbon\u00bb button_border_radius__hover=\u00bb26px\u00bb button_one_border_radius__hover_enabled=\u00bboff\u00bb button_two_border_radius__hover_enabled=\u00bboff\u00bb button_letter_spacing__hover_enabled=\u00bbon\u00bb button_letter_spacing__hover=\u00bb1px\u00bb button_one_letter_spacing__hover_enabled=\u00bboff\u00bb button_two_letter_spacing__hover_enabled=\u00bboff\u00bb button_bg_color__hover_enabled=\u00bbon\u00bb button_bg_color__hover=\u00bb#ffffff\u00bb button_one_bg_color__hover_enabled=\u00bboff\u00bb button_two_bg_color__hover_enabled=\u00bboff\u00bb][\/et_pb_button][\/et_pb_column][\/et_pb_row][\/et_pb_section]<\/p>\n","protected":false},"excerpt":{"rendered":"<p>Cuenta bancaria congelada \/ embargada Si su cuenta bancaria ha sido congelada por la administraci\u00f3n judicial de Texas, revise y siga la informaci\u00f3n a continuaci\u00f3n.\u00bfPor qu\u00e9 mi cuenta bancaria est\u00e1 congelada? Un juez dictamin\u00f3 que debes dinero a un acreedor. El juez firm\u00f3 una sentencia en su contra. Los fallos en Texas son v\u00e1lidos por [&hellip;]<\/p>\n","protected":false},"author":1,"featured_media":0,"parent":0,"menu_order":0,"comment_status":"closed","ping_status":"closed","template":"","meta":{"_et_pb_use_builder":"on","_et_pb_old_content":"","_et_gb_content_width":"","footnotes":""},"class_list":["post-232","page","type-page","status-publish","hentry"],"_links":{"self":[{"href":"https:\/\/texasreceivership.com\/es\/wp-json\/wp\/v2\/pages\/232","targetHints":{"allow":["GET"]}}],"collection":[{"href":"https:\/\/texasreceivership.com\/es\/wp-json\/wp\/v2\/pages"}],"about":[{"href":"https:\/\/texasreceivership.com\/es\/wp-json\/wp\/v2\/types\/page"}],"author":[{"embeddable":true,"href":"https:\/\/texasreceivership.com\/es\/wp-json\/wp\/v2\/users\/1"}],"replies":[{"embeddable":true,"href":"https:\/\/texasreceivership.com\/es\/wp-json\/wp\/v2\/comments?post=232"}],"version-history":[{"count":0,"href":"https:\/\/texasreceivership.com\/es\/wp-json\/wp\/v2\/pages\/232\/revisions"}],"wp:attachment":[{"href":"https:\/\/texasreceivership.com\/es\/wp-json\/wp\/v2\/media?parent=232"}],"curies":[{"name":"wp","href":"https:\/\/api.w.org\/{rel}","templated":true}]}}